{"id":323,"date":"2021-10-07T16:26:57","date_gmt":"2021-10-07T19:26:57","guid":{"rendered":"https:\/\/danielpugliese.com.br\/?page_id=323"},"modified":"2021-10-07T17:54:49","modified_gmt":"2021-10-07T20:54:49","slug":"direito-empresarial","status":"publish","type":"page","link":"https:\/\/danielpugliese.com.br\/index.php\/direito-empresarial\/","title":{"rendered":"Direito Empresarial"},"content":{"rendered":"\t\t<div data-elementor-type=\"wp-page\" data-elementor-id=\"323\" class=\"elementor elementor-323\" data-elementor-post-type=\"page\">\n\t\t\t\t\t\t<section class=\"elementor-section elementor-top-section elementor-element elementor-element-514a4314 elementor-section-boxed elementor-section-height-default elementor-section-height-default\" data-id=\"514a4314\" data-element_type=\"section\" data-settings=\"{&quot;background_background&quot;:&quot;classic&quot;}\">\n\t\t\t\t\t\t<div class=\"elementor-container elementor-column-gap-wider\">\n\t\t\t\t\t<div class=\"elementor-column elementor-col-100 elementor-top-column elementor-element elementor-element-33cf76c5\" data-id=\"33cf76c5\" data-element_type=\"column\">\n\t\t\t<div class=\"elementor-widget-wrap elementor-element-populated\">\n\t\t\t\t\t\t<section class=\"elementor-section elementor-inner-section elementor-element elementor-element-270d369 elementor-section-boxed elementor-section-height-default elementor-section-height-default\" data-id=\"270d369\" data-element_type=\"section\" id=\"areas-atuacao2\">\n\t\t\t\t\t\t<div class=\"elementor-container elementor-column-gap-default\">\n\t\t\t\t\t<div class=\"elementor-column elementor-col-50 elementor-inner-column elementor-element elementor-element-2cf773f\" data-id=\"2cf773f\" data-element_type=\"column\">\n\t\t\t<div class=\"elementor-widget-wrap elementor-element-populated\">\n\t\t\t\t\t\t<div class=\"elementor-element elementor-element-72d13a3 elementor-cta--skin-cover elementor-animated-content elementor-bg-transform elementor-bg-transform-zoom-in de_scroll_animation_no elementor-widget elementor-widget-call-to-action\" data-id=\"72d13a3\" data-element_type=\"widget\" data-widget_type=\"call-to-action.default\">\n\t\t\t\t<div class=\"elementor-widget-container\">\n\t\t\t\t\t\t\t<div class=\"elementor-cta\">\n\t\t\t\t\t<div class=\"elementor-cta__bg-wrapper\">\n\t\t\t\t<div class=\"elementor-cta__bg elementor-bg\" style=\"background-image: url(https:\/\/danielpugliese.com.br\/wp-content\/uploads\/2021\/09\/business-people-shaking-hands-in-modern-office-4WKNFMU.jpg);\" role=\"img\" aria-label=\"business-people-shaking-hands-in-modern-office-4WKNFMU.jpg\"><\/div>\n\t\t\t\t<div class=\"elementor-cta__bg-overlay\"><\/div>\n\t\t\t<\/div>\n\t\t\t\t\t\t\t<div class=\"elementor-cta__content\">\n\t\t\t\t\n\t\t\t\t\n\t\t\t\t\n\t\t\t\t\t\t\t<\/div>\n\t\t\t\t\t\t<\/div>\n\t\t\t\t\t\t<\/div>\n\t\t\t\t<\/div>\n\t\t\t\t\t<\/div>\n\t\t<\/div>\n\t\t\t\t<div class=\"elementor-column elementor-col-50 elementor-inner-column elementor-element elementor-element-b5ac6b8\" data-id=\"b5ac6b8\" data-element_type=\"column\">\n\t\t\t<div class=\"elementor-widget-wrap elementor-element-populated\">\n\t\t\t\t\t\t<div class=\"elementor-element elementor-element-6467d28 elementor-vertical-align-top de_scroll_animation_no elementor-widget elementor-widget-image-box\" data-id=\"6467d28\" data-element_type=\"widget\" data-widget_type=\"image-box.default\">\n\t\t\t\t<div class=\"elementor-widget-container\">\n\t\t\t\t\t<div class=\"elementor-image-box-wrapper\"><div class=\"elementor-image-box-content\"><h3 class=\"elementor-image-box-title\">Direito Empresarial<\/h3><p class=\"elementor-image-box-description\">Atuamos com os nossos clientes, prestando assessoria societ\u00e1ria em rela\u00e7\u00e3o a todos os tipos de sociedades, incluindo companhias abertas e fechadas, sociedades limitadas e sociedades an\u00f4nimas, entre outras. Elaboramos contratos societ\u00e1rios, planejamento, discuss\u00e3o e implementa\u00e7\u00e3o de reorganiza\u00e7\u00f5es, assessoria na resolu\u00e7\u00e3o de conflitos e reuni\u00f5es da administra\u00e7\u00e3o com presta\u00e7\u00e3o de consultoria especializada.<\/p><\/div><\/div>\t\t\t\t<\/div>\n\t\t\t\t<\/div>\n\t\t\t\t\t<\/div>\n\t\t<\/div>\n\t\t\t\t\t<\/div>\n\t\t<\/section>\n\t\t\t\t\t<\/div>\n\t\t<\/div>\n\t\t\t\t\t<\/div>\n\t\t<\/section>\n\t\t\t\t<section class=\"elementor-section elementor-top-section elementor-element elementor-element-c62e3c7 elementor-section-boxed elementor-section-height-default elementor-section-height-default\" data-id=\"c62e3c7\" data-element_type=\"section\">\n\t\t\t\t\t\t<div class=\"elementor-container elementor-column-gap-default\">\n\t\t\t\t\t<div class=\"elementor-column elementor-col-100 elementor-top-column elementor-element elementor-element-3ab770c\" data-id=\"3ab770c\" data-element_type=\"column\">\n\t\t\t<div class=\"elementor-widget-wrap elementor-element-populated\">\n\t\t\t\t\t\t<div class=\"elementor-element elementor-element-6df89f5 elementor-widget-divider--view-line de_scroll_animation_no elementor-widget elementor-widget-divider\" data-id=\"6df89f5\" data-element_type=\"widget\" data-widget_type=\"divider.default\">\n\t\t\t\t<div class=\"elementor-widget-container\">\n\t\t\t\t\t\t\t<div class=\"elementor-divider\">\n\t\t\t<span class=\"elementor-divider-separator\">\n\t\t\t\t\t\t<\/span>\n\t\t<\/div>\n\t\t\t\t\t\t<\/div>\n\t\t\t\t<\/div>\n\t\t\t\t\t<\/div>\n\t\t<\/div>\n\t\t\t\t\t<\/div>\n\t\t<\/section>\n\t\t\t\t<section class=\"elementor-section elementor-top-section elementor-element elementor-element-353dc98 elementor-section-boxed elementor-section-height-default elementor-section-height-default\" data-id=\"353dc98\" data-element_type=\"section\" data-settings=\"{&quot;background_background&quot;:&quot;classic&quot;}\">\n\t\t\t\t\t\t<div class=\"elementor-container elementor-column-gap-wider\">\n\t\t\t\t\t<div class=\"elementor-column elementor-col-100 elementor-top-column elementor-element elementor-element-e9836fc\" data-id=\"e9836fc\" data-element_type=\"column\">\n\t\t\t<div class=\"elementor-widget-wrap elementor-element-populated\">\n\t\t\t\t\t\t<section class=\"elementor-section elementor-inner-section elementor-element elementor-element-c825c82 elementor-section-boxed elementor-section-height-default elementor-section-height-default\" data-id=\"c825c82\" data-element_type=\"section\">\n\t\t\t\t\t\t<div class=\"elementor-container elementor-column-gap-no\">\n\t\t\t\t\t<div class=\"elementor-column elementor-col-25 elementor-inner-column elementor-element elementor-element-5a7e42f\" data-id=\"5a7e42f\" data-element_type=\"column\">\n\t\t\t<div class=\"elementor-widget-wrap elementor-element-populated\">\n\t\t\t\t\t\t<div class=\"elementor-element elementor-element-0f30073 de_scroll_animation_no elementor-widget elementor-widget-image\" data-id=\"0f30073\" data-element_type=\"widget\" data-widget_type=\"image.default\">\n\t\t\t\t<div class=\"elementor-widget-container\">\n\t\t\t\t\t\t\t\t\t\t\t\t\t\t\t<img fetchpriority=\"high\" decoding=\"async\" width=\"340\" height=\"340\" src=\"https:\/\/danielpugliese.com.br\/wp-content\/uploads\/2021\/09\/icon4-35G4L6.png\" class=\"attachment-full size-full wp-image-27\" alt=\"\" srcset=\"https:\/\/danielpugliese.com.br\/wp-content\/uploads\/2021\/09\/icon4-35G4L6.png 340w, https:\/\/danielpugliese.com.br\/wp-content\/uploads\/2021\/09\/icon4-35G4L6-300x300.png 300w, https:\/\/danielpugliese.com.br\/wp-content\/uploads\/2021\/09\/icon4-35G4L6-150x150.png 150w\" sizes=\"(max-width: 340px) 100vw, 340px\" \/>\t\t\t\t\t\t\t\t\t\t\t\t\t\t\t<\/div>\n\t\t\t\t<\/div>\n\t\t\t\t<div class=\"elementor-element elementor-element-316e84c de_scroll_animation_no elementor-widget elementor-widget-counter\" data-id=\"316e84c\" data-element_type=\"widget\" data-widget_type=\"counter.default\">\n\t\t\t\t<div class=\"elementor-widget-container\">\n\t\t\t\t\t\t\t<div class=\"elementor-counter\">\n\t\t\t<div class=\"elementor-counter-title\">Advogados Qualificados<\/div>\t\t\t<div class=\"elementor-counter-number-wrapper\">\n\t\t\t\t<span class=\"elementor-counter-number-prefix\"><\/span>\n\t\t\t\t<span class=\"elementor-counter-number\" data-duration=\"2000\" data-to-value=\"506\" data-from-value=\"0\" data-delimiter=\",\">0<\/span>\n\t\t\t\t<span class=\"elementor-counter-number-suffix\"><\/span>\n\t\t\t<\/div>\n\t\t<\/div>\n\t\t\t\t\t\t<\/div>\n\t\t\t\t<\/div>\n\t\t\t\t\t<\/div>\n\t\t<\/div>\n\t\t\t\t<div class=\"elementor-column elementor-col-25 elementor-inner-column elementor-element elementor-element-9510975\" data-id=\"9510975\" data-element_type=\"column\">\n\t\t\t<div class=\"elementor-widget-wrap elementor-element-populated\">\n\t\t\t\t\t\t<div class=\"elementor-element elementor-element-970e126 de_scroll_animation_no elementor-widget elementor-widget-image\" data-id=\"970e126\" data-element_type=\"widget\" data-widget_type=\"image.default\">\n\t\t\t\t<div class=\"elementor-widget-container\">\n\t\t\t\t\t\t\t\t\t\t\t\t\t\t\t<img decoding=\"async\" width=\"340\" height=\"340\" src=\"https:\/\/danielpugliese.com.br\/wp-content\/uploads\/2021\/09\/icon1-35G4L6.png\" class=\"attachment-full size-full wp-image-24\" alt=\"\" srcset=\"https:\/\/danielpugliese.com.br\/wp-content\/uploads\/2021\/09\/icon1-35G4L6.png 340w, https:\/\/danielpugliese.com.br\/wp-content\/uploads\/2021\/09\/icon1-35G4L6-300x300.png 300w, https:\/\/danielpugliese.com.br\/wp-content\/uploads\/2021\/09\/icon1-35G4L6-150x150.png 150w\" sizes=\"(max-width: 340px) 100vw, 340px\" \/>\t\t\t\t\t\t\t\t\t\t\t\t\t\t\t<\/div>\n\t\t\t\t<\/div>\n\t\t\t\t<div class=\"elementor-element elementor-element-440a188 de_scroll_animation_no elementor-widget elementor-widget-counter\" data-id=\"440a188\" data-element_type=\"widget\" data-widget_type=\"counter.default\">\n\t\t\t\t<div class=\"elementor-widget-container\">\n\t\t\t\t\t\t\t<div class=\"elementor-counter\">\n\t\t\t<div class=\"elementor-counter-title\">Direito Empresarial<\/div>\t\t\t<div class=\"elementor-counter-number-wrapper\">\n\t\t\t\t<span class=\"elementor-counter-number-prefix\"><\/span>\n\t\t\t\t<span class=\"elementor-counter-number\" data-duration=\"2000\" data-to-value=\"275\" data-from-value=\"0\" data-delimiter=\",\">0<\/span>\n\t\t\t\t<span class=\"elementor-counter-number-suffix\"><\/span>\n\t\t\t<\/div>\n\t\t<\/div>\n\t\t\t\t\t\t<\/div>\n\t\t\t\t<\/div>\n\t\t\t\t\t<\/div>\n\t\t<\/div>\n\t\t\t\t<div class=\"elementor-column elementor-col-25 elementor-inner-column elementor-element elementor-element-6229f16\" data-id=\"6229f16\" data-element_type=\"column\">\n\t\t\t<div class=\"elementor-widget-wrap elementor-element-populated\">\n\t\t\t\t\t\t<div class=\"elementor-element elementor-element-e59c738 de_scroll_animation_no elementor-widget elementor-widget-image\" data-id=\"e59c738\" data-element_type=\"widget\" data-widget_type=\"image.default\">\n\t\t\t\t<div class=\"elementor-widget-container\">\n\t\t\t\t\t\t\t\t\t\t\t\t\t\t\t<img decoding=\"async\" width=\"340\" height=\"340\" src=\"https:\/\/danielpugliese.com.br\/wp-content\/uploads\/2021\/09\/icon5-35G4L6.png\" class=\"attachment-full size-full wp-image-28\" alt=\"\" srcset=\"https:\/\/danielpugliese.com.br\/wp-content\/uploads\/2021\/09\/icon5-35G4L6.png 340w, https:\/\/danielpugliese.com.br\/wp-content\/uploads\/2021\/09\/icon5-35G4L6-300x300.png 300w, https:\/\/danielpugliese.com.br\/wp-content\/uploads\/2021\/09\/icon5-35G4L6-150x150.png 150w\" sizes=\"(max-width: 340px) 100vw, 340px\" \/>\t\t\t\t\t\t\t\t\t\t\t\t\t\t\t<\/div>\n\t\t\t\t<\/div>\n\t\t\t\t<div class=\"elementor-element elementor-element-550b15a de_scroll_animation_no elementor-widget elementor-widget-counter\" data-id=\"550b15a\" data-element_type=\"widget\" data-widget_type=\"counter.default\">\n\t\t\t\t<div class=\"elementor-widget-container\">\n\t\t\t\t\t\t\t<div class=\"elementor-counter\">\n\t\t\t<div class=\"elementor-counter-title\">Direito Civil<\/div>\t\t\t<div class=\"elementor-counter-number-wrapper\">\n\t\t\t\t<span class=\"elementor-counter-number-prefix\"><\/span>\n\t\t\t\t<span class=\"elementor-counter-number\" data-duration=\"2000\" data-to-value=\"37\" data-from-value=\"0\" data-delimiter=\",\">0<\/span>\n\t\t\t\t<span class=\"elementor-counter-number-suffix\"><\/span>\n\t\t\t<\/div>\n\t\t<\/div>\n\t\t\t\t\t\t<\/div>\n\t\t\t\t<\/div>\n\t\t\t\t\t<\/div>\n\t\t<\/div>\n\t\t\t\t<div class=\"elementor-column elementor-col-25 elementor-inner-column elementor-element elementor-element-ae955e3\" data-id=\"ae955e3\" data-element_type=\"column\">\n\t\t\t<div class=\"elementor-widget-wrap elementor-element-populated\">\n\t\t\t\t\t\t<div class=\"elementor-element elementor-element-efdf362 de_scroll_animation_no elementor-widget elementor-widget-image\" data-id=\"efdf362\" data-element_type=\"widget\" data-widget_type=\"image.default\">\n\t\t\t\t<div class=\"elementor-widget-container\">\n\t\t\t\t\t\t\t\t\t\t\t\t\t\t\t<img loading=\"lazy\" decoding=\"async\" width=\"340\" height=\"340\" src=\"https:\/\/danielpugliese.com.br\/wp-content\/uploads\/2021\/09\/icon2-35G4L6.png\" class=\"attachment-full size-full wp-image-25\" alt=\"\" srcset=\"https:\/\/danielpugliese.com.br\/wp-content\/uploads\/2021\/09\/icon2-35G4L6.png 340w, https:\/\/danielpugliese.com.br\/wp-content\/uploads\/2021\/09\/icon2-35G4L6-300x300.png 300w, https:\/\/danielpugliese.com.br\/wp-content\/uploads\/2021\/09\/icon2-35G4L6-150x150.png 150w\" sizes=\"(max-width: 340px) 100vw, 340px\" \/>\t\t\t\t\t\t\t\t\t\t\t\t\t\t\t<\/div>\n\t\t\t\t<\/div>\n\t\t\t\t<div class=\"elementor-element elementor-element-268eacc de_scroll_animation_no elementor-widget elementor-widget-counter\" data-id=\"268eacc\" data-element_type=\"widget\" data-widget_type=\"counter.default\">\n\t\t\t\t<div class=\"elementor-widget-container\">\n\t\t\t\t\t\t\t<div class=\"elementor-counter\">\n\t\t\t<div class=\"elementor-counter-title\">Direito Tribut\u00e1rio<\/div>\t\t\t<div class=\"elementor-counter-number-wrapper\">\n\t\t\t\t<span class=\"elementor-counter-number-prefix\"><\/span>\n\t\t\t\t<span class=\"elementor-counter-number\" data-duration=\"2000\" data-to-value=\"506\" data-from-value=\"0\" data-delimiter=\",\">0<\/span>\n\t\t\t\t<span class=\"elementor-counter-number-suffix\"><\/span>\n\t\t\t<\/div>\n\t\t<\/div>\n\t\t\t\t\t\t<\/div>\n\t\t\t\t<\/div>\n\t\t\t\t\t<\/div>\n\t\t<\/div>\n\t\t\t\t\t<\/div>\n\t\t<\/section>\n\t\t\t\t\t<\/div>\n\t\t<\/div>\n\t\t\t\t\t<\/div>\n\t\t<\/section>\n\t\t\t\t<section class=\"elementor-section elementor-top-section elementor-element elementor-element-869aa2a elementor-section-boxed elementor-section-height-default elementor-section-height-default\" data-id=\"869aa2a\" data-element_type=\"section\">\n\t\t\t\t\t\t<div class=\"elementor-container elementor-column-gap-default\">\n\t\t\t\t\t<div class=\"elementor-column elementor-col-100 elementor-top-column elementor-element elementor-element-360816b\" data-id=\"360816b\" data-element_type=\"column\">\n\t\t\t<div class=\"elementor-widget-wrap elementor-element-populated\">\n\t\t\t\t\t\t<div class=\"elementor-element elementor-element-9f0e00d elementor-widget-divider--view-line de_scroll_animation_no elementor-widget elementor-widget-divider\" data-id=\"9f0e00d\" data-element_type=\"widget\" data-widget_type=\"divider.default\">\n\t\t\t\t<div class=\"elementor-widget-container\">\n\t\t\t\t\t\t\t<div class=\"elementor-divider\">\n\t\t\t<span class=\"elementor-divider-separator\">\n\t\t\t\t\t\t<\/span>\n\t\t<\/div>\n\t\t\t\t\t\t<\/div>\n\t\t\t\t<\/div>\n\t\t\t\t\t<\/div>\n\t\t<\/div>\n\t\t\t\t\t<\/div>\n\t\t<\/section>\n\t\t\t\t<\/div>\n\t\t","protected":false},"excerpt":{"rendered":"<p>Direito Empresarial Atuamos com os nossos clientes, prestando assessoria societ\u00e1ria em rela\u00e7\u00e3o a todos os tipos de sociedades, incluindo companhias abertas e fechadas, sociedades limitadas e sociedades an\u00f4nimas, entre outras. Elaboramos contratos societ\u00e1rios, planejamento, discuss\u00e3o e implementa\u00e7\u00e3o de reorganiza\u00e7\u00f5es, assessoria na resolu\u00e7\u00e3o de conflitos e reuni\u00f5es da administra\u00e7\u00e3o com presta\u00e7\u00e3o de consultoria especializada. 0 Advogados [&hellip;]<\/p>\n","protected":false},"author":1,"featured_media":0,"parent":0,"menu_order":0,"comment_status":"closed","ping_status":"closed","template":"elementor_header_footer","meta":{"footnotes":""},"class_list":["post-323","page","type-page","status-publish","hentry"],"_links":{"self":[{"href":"https:\/\/danielpugliese.com.br\/index.php\/wp-json\/wp\/v2\/pages\/323","targetHints":{"allow":["GET"]}}],"collection":[{"href":"https:\/\/danielpugliese.com.br\/index.php\/wp-json\/wp\/v2\/pages"}],"about":[{"href":"https:\/\/danielpugliese.com.br\/index.php\/wp-json\/wp\/v2\/types\/page"}],"author":[{"embeddable":true,"href":"https:\/\/danielpugliese.com.br\/index.php\/wp-json\/wp\/v2\/users\/1"}],"replies":[{"embeddable":true,"href":"https:\/\/danielpugliese.com.br\/index.php\/wp-json\/wp\/v2\/comments?post=323"}],"version-history":[{"count":15,"href":"https:\/\/danielpugliese.com.br\/index.php\/wp-json\/wp\/v2\/pages\/323\/revisions"}],"predecessor-version":[{"id":405,"href":"https:\/\/danielpugliese.com.br\/index.php\/wp-json\/wp\/v2\/pages\/323\/revisions\/405"}],"wp:attachment":[{"href":"https:\/\/danielpugliese.com.br\/index.php\/wp-json\/wp\/v2\/media?parent=323"}],"curies":[{"name":"wp","href":"https:\/\/api.w.org\/{rel}","templated":true}]}}